{"id":3178,"date":"2018-02-16T11:00:09","date_gmt":"2018-02-16T10:00:09","guid":{"rendered":"http:\/\/www.olpneus.it\/?page_id=3178"},"modified":"2018-04-09T19:10:10","modified_gmt":"2018-04-09T17:10:10","slug":"diventa-cliente","status":"publish","type":"page","link":"https:\/\/www.olpneus.it\/en\/diventa-cliente\/","title":{"rendered":"Diventa cliente"},"content":{"rendered":"<section class=\"wpb-content-wrapper\"><p>[vc_row][vc_column][st_heading title=&#8221;Diventa Cliente&#8221;][\/st_heading][vc_column_text]Entrare a far parte della squadra di Olpneus potrebbe essere un valore aggiunto per la tua attivit\u00e0 .<\/p>\n<p>Con Olpneus potrai usufruire di innumerevoli vantaggi e servizi, migliorando ed incrementando i tuoi affari.<\/p>\n<p>Olpneus dispone di un ampio magazzino e di una vasta scelta di articoli delle principali case produttrici che ti permetter\u00e0 di soddisfare le esigenze di tutti i tuoi clienti, anche di quelli pi\u00f9 esperti ed esigenti.<\/p>\n<p><u>Grazie ad Olpneus nessuno pu\u00f2 rimanere insoddisfatto!<\/u><\/p>\n<p>Scegliere un fornitore come Olpneus equivale a scegliere la competenza, l\u2019 efficienza e la rapidit\u00e0 nelle consegne, nonch\u00e9 la qualit\u00e0 dei prodotti acquistati.<\/p>\n<p>Dai un valore aggiunto al tuo business e all\u2019immagine del tuo punto vendita:<\/p>\n<p><u>Scegli la qualit\u00e0 e l\u2019ampia disponibilit\u00e0 del magazzino di Olpneus<\/u><\/p>\n<p>Senza dimenticare che grazie ad Olpneus \u00e8 possibile accedere agli innumerevoli e vantaggiosi programmi di affiliazione per gommisti specializzati, intrapresi dai maggiori marchi di pneumatici.<\/p>\n<p>&nbsp;<\/p>\n<p style=\"text-align: center;\"><strong>DIVENTA CLIENTE OLPNEUS<\/strong><\/p>\n<p style=\"text-align: center;\"><strong>SCEGLI LA QUALITA\u2019 E LA CONVENIENZA<\/strong><\/p>\n<p>[\/vc_column_text][vc_separator][\/vc_column][\/vc_row][vc_row][vc_column][st_heading title=&#8221;Compila il form&#8221;][\/st_heading]\n<div class=\"wpcf7 no-js\" id=\"wpcf7-f3181-o1\" lang=\"it-IT\" dir=\"ltr\">\n<div class=\"screen-reader-response\"><p role=\"status\" aria-live=\"polite\" aria-atomic=\"true\"><\/p> <ul><\/ul><\/div>\n<form action=\"\/en\/wp-json\/wp\/v2\/pages\/3178#wpcf7-f3181-o1\" method=\"post\" class=\"wpcf7-form init\" aria-label=\"Modulo di contatto\" novalidate=\"novalidate\" data-status=\"init\">\n<div style=\"display: none;\">\n<input type=\"hidden\" name=\"_wpcf7\" value=\"3181\" \/>\n<input type=\"hidden\" name=\"_wpcf7_version\" value=\"5.8.1\" \/>\n<input type=\"hidden\" name=\"_wpcf7_locale\" value=\"it_IT\" \/>\n<input type=\"hidden\" name=\"_wpcf7_unit_tag\" value=\"wpcf7-f3181-o1\" \/>\n<input type=\"hidden\" name=\"_wpcf7_container_post\" value=\"0\" \/>\n<input type=\"hidden\" name=\"_wpcf7_posted_data_hash\" value=\"\" \/>\n<input type=\"hidden\" name=\"lang\" value=\"en\" \/>\n<\/div>\n<div class=\"row\">\n\t<div class=\"col-md-6 col-sm-6 col-xs-12\">\n\t\t<p><label> Nome (richiesto)<br \/>\n<span class=\"wpcf7-form-control-wrap\" data-name=\"tuo-nome\"><input size=\"40\" class=\"wpcf7-form-control wpcf7-text wpcf7-validates-as-required\" aria-required=\"true\" aria-invalid=\"false\" value=\"\" type=\"text\" name=\"tuo-nome\" \/><\/span> <\/label>\n\t\t<\/p>\n\t<\/div>\n\t<div class=\"col-md-6 col-sm-6 col-xs-12\">\n\t\t<p><label> Cognome (richiesto)<br \/>\n<span class=\"wpcf7-form-control-wrap\" data-name=\"tuo-cognome\"><input size=\"40\" class=\"wpcf7-form-control wpcf7-text wpcf7-validates-as-required\" aria-required=\"true\" aria-invalid=\"false\" value=\"\" type=\"text\" name=\"tuo-cognome\" \/><\/span> <\/label>\n\t\t<\/p>\n\t<\/div>\n\t<div class=\"col-md-6 col-sm-6 col-xs-12\">\n\t\t<p><label> Ragione Sociale (richiesto)<br \/>\n<span class=\"wpcf7-form-control-wrap\" data-name=\"tua-ragionesociale\"><input size=\"40\" class=\"wpcf7-form-control wpcf7-text wpcf7-validates-as-required\" aria-required=\"true\" aria-invalid=\"false\" value=\"\" type=\"text\" name=\"tua-ragionesociale\" \/><\/span> <\/label>\n\t\t<\/p>\n\t<\/div>\n\t<div class=\"col-md-6 col-sm-6 col-xs-12\">\n\t\t<p><label> Partita Iva (richiesto)<br \/>\n<span class=\"wpcf7-form-control-wrap\" data-name=\"tua-partitaiva\"><input size=\"40\" class=\"wpcf7-form-control wpcf7-text wpcf7-validates-as-required\" aria-required=\"true\" aria-invalid=\"false\" value=\"\" type=\"text\" name=\"tua-partitaiva\" \/><\/span> <\/label>\n\t\t<\/p>\n\t<\/div>\n\t<div class=\"col-md-6 col-sm-6 col-xs-12\">\n\t\t<p><label> Indirizzo (richiesto)<br \/>\n<span class=\"wpcf7-form-control-wrap\" data-name=\"tuo-indirizzo\"><input size=\"40\" class=\"wpcf7-form-control wpcf7-text wpcf7-validates-as-required\" aria-required=\"true\" aria-invalid=\"false\" value=\"\" type=\"text\" name=\"tuo-indirizzo\" \/><\/span> <\/label>\n\t\t<\/p>\n\t<\/div>\n\t<div class=\"col-md-6 col-sm-6 col-xs-12\">\n\t\t<p><label> Citt\u00e0 (richiesto)<br \/>\n<span class=\"wpcf7-form-control-wrap\" data-name=\"tua-citta\"><input size=\"40\" class=\"wpcf7-form-control wpcf7-text wpcf7-validates-as-required\" aria-required=\"true\" aria-invalid=\"false\" value=\"\" type=\"text\" name=\"tua-citta\" \/><\/span> <\/label>\n\t\t<\/p>\n\t<\/div>\n\t<div class=\"col-md-6 col-sm-6 col-xs-12\">\n\t\t<p><label> C.A.P. (richiesto)<br \/>\n<span class=\"wpcf7-form-control-wrap\" data-name=\"tuo-cap\"><input size=\"40\" class=\"wpcf7-form-control wpcf7-text wpcf7-validates-as-required\" aria-required=\"true\" aria-invalid=\"false\" value=\"\" type=\"text\" name=\"tuo-cap\" \/><\/span> <\/label>\n\t\t<\/p>\n\t<\/div>\n\t<div class=\"col-md-6 col-sm-6 col-xs-12\">\n\t\t<p><label> Provincia (richiesto)<br \/>\n<span class=\"wpcf7-form-control-wrap\" data-name=\"tua-provincia\"><input size=\"40\" class=\"wpcf7-form-control wpcf7-text wpcf7-validates-as-required\" aria-required=\"true\" aria-invalid=\"false\" value=\"\" type=\"text\" name=\"tua-provincia\" \/><\/span> <\/label>\n\t\t<\/p>\n\t<\/div>\n\t<div class=\"col-md-6 col-sm-6 col-xs-12\">\n\t\t<p><label> Telefono (richiesto)<br \/>\n<span class=\"wpcf7-form-control-wrap\" data-name=\"tuo-telefono\"><input size=\"40\" class=\"wpcf7-form-control wpcf7-text wpcf7-validates-as-required\" aria-required=\"true\" aria-invalid=\"false\" value=\"\" type=\"text\" name=\"tuo-telefono\" \/><\/span> <\/label>\n\t\t<\/p>\n\t<\/div>\n\t<div class=\"col-md-6 col-sm-6 col-xs-12\">\n\t\t<p><label> Cellulare<br \/>\n<span class=\"wpcf7-form-control-wrap\" data-name=\"tuo-cell\"><input size=\"40\" class=\"wpcf7-form-control wpcf7-text wpcf7-validates-as-required\" aria-required=\"true\" aria-invalid=\"false\" value=\"\" type=\"text\" name=\"tuo-cell\" \/><\/span> <\/label>\n\t\t<\/p>\n\t<\/div>\n\t<div class=\"col-md-6 col-sm-6 col-xs-12\">\n\t\t<p><label> E-mail (richiesto)<br \/>\n<span class=\"wpcf7-form-control-wrap\" data-name=\"your-email\"><input size=\"40\" class=\"wpcf7-form-control wpcf7-email wpcf7-validates-as-required wpcf7-text wpcf7-validates-as-email\" aria-required=\"true\" aria-invalid=\"false\" value=\"\" type=\"email\" name=\"your-email\" \/><\/span> <\/label>\n\t\t<\/p>\n\t<\/div>\n\t<div class=\"col-md-6 col-sm-6 col-xs-12\">\n\t\t<p><label> Note Aggiuntive<br \/>\n<span class=\"wpcf7-form-control-wrap\" data-name=\"your-message\"><textarea cols=\"40\" rows=\"10\" class=\"wpcf7-form-control wpcf7-textarea\" aria-invalid=\"false\" name=\"your-message\"><\/textarea><\/span> <\/label>\n\t\t<\/p>\n\t<\/div>\n\t<div class=\"col-md-6 col-sm-6 col-xs-12\">\n\t\t<p>[recaptcha][recaptcha]\n\t\t<\/p>\n\t<\/div>\n\t<div class=\"col-md-6 col-sm-6 col-xs-12\">\n\t\t<p><input class=\"wpcf7-form-control wpcf7-submit has-spinner\" type=\"submit\" value=\"Invia\" \/>\n\t\t<\/p>\n\t<\/div>\n<\/div><div class=\"wpcf7-response-output\" aria-hidden=\"true\"><\/div>\n<\/form>\n<\/div>\n[\/vc_column][\/vc_row]<\/p>\n<\/section>","protected":false},"excerpt":{"rendered":"<p>[vc_row][vc_column][st_heading title=&#8221;Diventa Cliente&#8221;][\/st_heading][vc_column_text]Entrare a far parte della squadra di Olpneus potrebbe essere un valore aggiunto per la tua attivit\u00e0 . Con Olpneus potrai usufruire di innumerevoli vantaggi e servizi, migliorando ed incrementando i tuoi affari. Olpneus dispone di un ampio magazzino e di una vasta scelta di articoli delle principali case produttrici che ti permetter\u00e0 [&hellip;]<\/p>\n","protected":false},"author":1,"featured_media":0,"parent":0,"menu_order":0,"comment_status":"closed","ping_status":"closed","template":"","meta":{"footnotes":""},"class_list":["post-3178","page","type-page","status-publish","hentry"],"yoast_head":"<!-- This site is optimized with the Yoast SEO plugin v21.2 - https:\/\/yoast.com\/wordpress\/plugins\/seo\/ -->\r\n<title>Diventa cliente - Olpneus<\/title>\r\n<meta name=\"robots\" content=\"index, follow, max-snippet:-1, max-image-preview:large, max-video-preview:-1\" \/>\r\n<link rel=\"canonical\" href=\"https:\/\/www.olpneus.it\/diventa-cliente\/\" \/>\r\n<meta property=\"og:locale\" content=\"en_US\" \/>\r\n<meta property=\"og:type\" content=\"article\" \/>\r\n<meta property=\"og:title\" content=\"Diventa cliente - Olpneus\" \/>\r\n<meta property=\"og:description\" content=\"[vc_row][vc_column][st_heading title=&#8221;Diventa Cliente&#8221;][\/st_heading][vc_column_text]Entrare a far parte della squadra di Olpneus potrebbe essere un valore aggiunto per la tua attivit\u00e0 . Con Olpneus potrai usufruire di innumerevoli vantaggi e servizi, migliorando ed incrementando i tuoi affari. Olpneus dispone di un ampio magazzino e di una vasta scelta di articoli delle principali case produttrici che ti permetter\u00e0 [&hellip;]\" \/>\r\n<meta property=\"og:url\" content=\"https:\/\/www.olpneus.it\/diventa-cliente\/\" \/>\r\n<meta property=\"og:site_name\" content=\"Olpneus\" \/>\r\n<meta property=\"article:modified_time\" content=\"2018-04-09T17:10:10+00:00\" \/>\r\n<meta name=\"twitter:card\" content=\"summary_large_image\" \/>\r\n<meta name=\"twitter:label1\" content=\"Est. reading time\" \/>\n\t<meta name=\"twitter:data1\" content=\"1 minute\" \/>\r\n<script type=\"application\/ld+json\" class=\"yoast-schema-graph\">{\"@context\":\"https:\/\/schema.org\",\"@graph\":[{\"@type\":\"WebPage\",\"@id\":\"https:\/\/www.olpneus.it\/diventa-cliente\/\",\"url\":\"https:\/\/www.olpneus.it\/diventa-cliente\/\",\"name\":\"Diventa cliente - Olpneus\",\"isPartOf\":{\"@id\":\"https:\/\/www.olpneus.it\/#website\"},\"datePublished\":\"2018-02-16T10:00:09+00:00\",\"dateModified\":\"2018-04-09T17:10:10+00:00\",\"breadcrumb\":{\"@id\":\"https:\/\/www.olpneus.it\/diventa-cliente\/#breadcrumb\"},\"inLanguage\":\"en-US\",\"potentialAction\":[{\"@type\":\"ReadAction\",\"target\":[\"https:\/\/www.olpneus.it\/diventa-cliente\/\"]}]},{\"@type\":\"BreadcrumbList\",\"@id\":\"https:\/\/www.olpneus.it\/diventa-cliente\/#breadcrumb\",\"itemListElement\":[{\"@type\":\"ListItem\",\"position\":1,\"name\":\"Home\",\"item\":\"https:\/\/www.olpneus.it\/\"},{\"@type\":\"ListItem\",\"position\":2,\"name\":\"Diventa cliente\"}]},{\"@type\":\"WebSite\",\"@id\":\"https:\/\/www.olpneus.it\/#website\",\"url\":\"https:\/\/www.olpneus.it\/\",\"name\":\"Olpneus\",\"description\":\"\",\"potentialAction\":[{\"@type\":\"SearchAction\",\"target\":{\"@type\":\"EntryPoint\",\"urlTemplate\":\"https:\/\/www.olpneus.it\/?s={search_term_string}\"},\"query-input\":\"required name=search_term_string\"}],\"inLanguage\":\"en-US\"}]}<\/script>\r\n<!-- \/ Yoast SEO plugin. -->","yoast_head_json":{"title":"Diventa cliente - Olpneus","robots":{"index":"index","follow":"follow","max-snippet":"max-snippet:-1","max-image-preview":"max-image-preview:large","max-video-preview":"max-video-preview:-1"},"canonical":"https:\/\/www.olpneus.it\/diventa-cliente\/","og_locale":"en_US","og_type":"article","og_title":"Diventa cliente - Olpneus","og_description":"[vc_row][vc_column][st_heading title=&#8221;Diventa Cliente&#8221;][\/st_heading][vc_column_text]Entrare a far parte della squadra di Olpneus potrebbe essere un valore aggiunto per la tua attivit\u00e0 . Con Olpneus potrai usufruire di innumerevoli vantaggi e servizi, migliorando ed incrementando i tuoi affari. Olpneus dispone di un ampio magazzino e di una vasta scelta di articoli delle principali case produttrici che ti permetter\u00e0 [&hellip;]","og_url":"https:\/\/www.olpneus.it\/diventa-cliente\/","og_site_name":"Olpneus","article_modified_time":"2018-04-09T17:10:10+00:00","twitter_card":"summary_large_image","twitter_misc":{"Est. reading time":"1 minute"},"schema":{"@context":"https:\/\/schema.org","@graph":[{"@type":"WebPage","@id":"https:\/\/www.olpneus.it\/diventa-cliente\/","url":"https:\/\/www.olpneus.it\/diventa-cliente\/","name":"Diventa cliente - Olpneus","isPartOf":{"@id":"https:\/\/www.olpneus.it\/#website"},"datePublished":"2018-02-16T10:00:09+00:00","dateModified":"2018-04-09T17:10:10+00:00","breadcrumb":{"@id":"https:\/\/www.olpneus.it\/diventa-cliente\/#breadcrumb"},"inLanguage":"en-US","potentialAction":[{"@type":"ReadAction","target":["https:\/\/www.olpneus.it\/diventa-cliente\/"]}]},{"@type":"BreadcrumbList","@id":"https:\/\/www.olpneus.it\/diventa-cliente\/#breadcrumb","itemListElement":[{"@type":"ListItem","position":1,"name":"Home","item":"https:\/\/www.olpneus.it\/"},{"@type":"ListItem","position":2,"name":"Diventa cliente"}]},{"@type":"WebSite","@id":"https:\/\/www.olpneus.it\/#website","url":"https:\/\/www.olpneus.it\/","name":"Olpneus","description":"","potentialAction":[{"@type":"SearchAction","target":{"@type":"EntryPoint","urlTemplate":"https:\/\/www.olpneus.it\/?s={search_term_string}"},"query-input":"required name=search_term_string"}],"inLanguage":"en-US"}]}},"_links":{"self":[{"href":"https:\/\/www.olpneus.it\/en\/wp-json\/wp\/v2\/pages\/3178","targetHints":{"allow":["GET"]}}],"collection":[{"href":"https:\/\/www.olpneus.it\/en\/wp-json\/wp\/v2\/pages"}],"about":[{"href":"https:\/\/www.olpneus.it\/en\/wp-json\/wp\/v2\/types\/page"}],"author":[{"embeddable":true,"href":"https:\/\/www.olpneus.it\/en\/wp-json\/wp\/v2\/users\/1"}],"replies":[{"embeddable":true,"href":"https:\/\/www.olpneus.it\/en\/wp-json\/wp\/v2\/comments?post=3178"}],"version-history":[{"count":9,"href":"https:\/\/www.olpneus.it\/en\/wp-json\/wp\/v2\/pages\/3178\/revisions"}],"predecessor-version":[{"id":3452,"href":"https:\/\/www.olpneus.it\/en\/wp-json\/wp\/v2\/pages\/3178\/revisions\/3452"}],"wp:attachment":[{"href":"https:\/\/www.olpneus.it\/en\/wp-json\/wp\/v2\/media?parent=3178"}],"curies":[{"name":"wp","href":"https:\/\/api.w.org\/{rel}","templated":true}]}}