{"id":2887,"date":"2018-02-07T10:17:07","date_gmt":"2018-02-07T09:17:07","guid":{"rendered":"http:\/\/www.olpneus.it\/?page_id=2887"},"modified":"2023-10-02T14:44:17","modified_gmt":"2023-10-02T12:44:17","slug":"la-nostra-mission-nostri-valori","status":"publish","type":"page","link":"https:\/\/www.olpneus.it\/en\/la-nostra-mission-nostri-valori\/","title":{"rendered":"La nostra mission, i nostri valori"},"content":{"rendered":"<section class=\"wpb-content-wrapper\"><p>[vc_row][vc_column][st_heading title=&#8221;Qualit\u00e0 ed efficienza&#8221;][\/st_heading][\/vc_column][\/vc_row][vc_row][vc_column][vc_column_text]Da anni la nostra azienda si impegna con costanza e dedizione per ottenere ottimi risultati nel settore della distribuzione degli pneumatici.\u00a0 Tutta la squadra di Olpneus \u201cci mette ogni giorno la faccia e la voce\u201d per arrivare nelle officine dei nostri clienti e soddisfare con grande impegno tutte le loro esigenze.<\/p>\n<p>La nostra Mission \u00e8 sempre stata questa: <em><u>il successo di un\u2019azienda dipende prima di tutto dai propri clienti e dalla capacit\u00e0 di soddisfare richieste presenti e soprattutto aspettative future.<\/u><\/em><\/p>\n<p>In Olpneus si lavora ogni giorno per garantire <strong>Qualit\u00e0 ed Efficienza<\/strong> e il risultato ottenuto testimonia tutto il nostro impegno.<\/p>\n<p>Inoltre riteniamo che la <strong>sostenibilit\u00e0<\/strong> non sia solo un obbligo etico, ma anche un driver fondamentale per la nostra crescita e successo a lungo termine. In linea con questa visione, ci siamo impegnati a creare e pubblicare un <strong>bilancio di sostenibilit\u00e0<\/strong> che rifletta il nostro impegno a contribuire positivamente all&#8217;ambiente, alla societ\u00e0 e all&#8217;economia. Questo documento rappresenta uno strumento chiave per monitorare e comunicare i nostri progressi nel perseguire gli obiettivi di sostenibilit\u00e0 e per assicurare la <strong>trasparenza nelle nostre azioni<\/strong>. Il nostro bilancio di sostenibilit\u00e0 non \u00e8 solo un resoconto delle nostre iniziative passate, ma anche un piano per il futuro, un&#8217;agenda che ci guider\u00e0 verso un modello di business pi\u00f9 sostenibile, promuovendo la responsabilit\u00e0 <strong>sociale e ambientale<\/strong> come parte integrante della nostra strategia aziendale.<\/p>\n<p>Certificazione 14001-9001 in fase di rilascio.[\/vc_column_text][\/vc_column][\/vc_row][vc_row full_height=&#8221;yes&#8221; columns_placement=&#8221;bottom&#8221; content_placement=&#8221;bottom&#8221; parallax=&#8221;content-moving-fade&#8221; parallax_image=&#8221;2851&#8243; parallax_speed_bg=&#8221;4.5&#8243;][vc_column][vc_empty_space height=&#8221;300px&#8221;][\/vc_column][\/vc_row][vc_row st_full_width=&#8221;1&#8243; css=&#8221;.vc_custom_1696250420861{padding-right: 50px !important;padding-left: 50px !important;}&#8221;][vc_column width=&#8221;1\/2&#8243;][vc_empty_space][st_heading title=&#8221;Un lavoro di squadra&#8221;][\/st_heading][vc_column_text]Una squadra, quella di Olpneus, che lavora fianco a fianco in tutti i settori, dall\u2019assistenza ai clienti, al reparto vendite, al magazzino, sino\u00a0 ad arrivare alla gestione della logistica: un insieme di persone che lavorano ogni giorno con <strong>Lealt\u00e0, Integrit\u00e0 e Metodo.<\/strong><\/p>\n<p>Tutti i lavoratori di Olpneus partecipano attivamente al miglioramento dei processi produttivi dell\u2019azienda grazie ad un\u2019attenta formazione e preparazione che garantisce loro competenze necessarie a svolgere con efficienza le loro mansioni.<\/p>\n<p>Il coinvolgimento dei dipendenti passa anche per la condivisione dei valori e per l\u2019opportunit\u00e0 di crescere da un punto di vista professionale, grazie ad un ambiente entusiasmante, accogliente, aperto alle diversit\u00e0 di ciascuno e pronto a cogliere e riconoscere ogni contributo personale apportato per il successo dell\u2019intera squadra.[\/vc_column_text][\/vc_column][vc_column parallax=&#8221;content-moving&#8221; width=&#8221;1\/2&#8243;][vc_empty_space][st_heading title=&#8221;Futuro e Innovazione&#8221;][\/st_heading][vc_column_text]Ed infine in Olpneus si guarda al <strong>Futuro e all\u2019Innovazione<\/strong>, senza mettere da parte origini e tradizioni, ma sempre con un occhio attento alle nuove prospettive di crescita, alle variazioni del mercato e alle nuove sfide che i cambiamenti pongono in essere.<\/p>\n<p>Un <em>working in progress<\/em> che non si ferma mai, un cantiere di idee in movimento, dove il contributo di ciascuno\u00a0 \u00e8 sempre ben accolto, nell\u2019ottica di raggiungere l\u2019obbiettivo della squadra.[\/vc_column_text][\/vc_column][\/vc_row][vc_row gap=&#8221;1&#8243; st_full_width=&#8221;1&#8243; css=&#8221;.vc_custom_1696250454580{padding-top: 100px !important;}&#8221;][vc_column][vc_custom_heading text=&#8221;&#8220;Mettersi insieme \u00e8 un inizio, rimanere insieme \u00e8 un progresso, lavorare insieme \u00e8 un successo&#8230;&#8220;&#8221; font_container=&#8221;tag:h2|text_align:center|color:%23919191&#8243; google_fonts=&#8221;font_family:Allura%3Aregular|font_style:400%20regular%3A400%3Anormal&#8221;][vc_custom_heading text=&#8221;(Henry Ford)&#8221; font_container=&#8221;tag:h2|font_size:24px|text_align:center|color:%23919191&#8243; google_fonts=&#8221;font_family:Antic%3Aregular|font_style:400%20regular%3A400%3Anormal&#8221;][\/vc_column][\/vc_row][vc_row css=&#8221;.vc_custom_1696250443174{padding-top: 100px !important;}&#8221;][vc_column][vc_cta h2=&#8221;Fai crescere anche tu la tua attivit\u00e0 insieme a noi&#8221; style=&#8221;custom&#8221; add_button=&#8221;right&#8221; btn_title=&#8221;Richiedi l&#8217;accesso al B2B&#8221; btn_color=&#8221;green&#8221; btn_i_icon_fontawesome=&#8221;fa fa-envelope-open&#8221; add_icon=&#8221;left&#8221; i_icon_fontawesome=&#8221;fa fa-line-chart&#8221; i_color=&#8221;white&#8221; btn_add_icon=&#8221;true&#8221; btn_link=&#8221;url:https%3A%2F%2Fwww.olpneus.it%2Fdiventa-cliente%2F|||&#8221; custom_background=&#8221;#e8c020&#8243;][\/vc_cta][\/vc_column][\/vc_row]<\/p>\n<\/section>","protected":false},"excerpt":{"rendered":"<p>[vc_row][vc_column][st_heading title=&#8221;Qualit\u00e0 ed efficienza&#8221;][\/st_heading][\/vc_column][\/vc_row][vc_row][vc_column][vc_column_text]Da anni la nostra azienda si impegna con costanza e dedizione per ottenere ottimi risultati nel settore della distribuzione degli pneumatici.\u00a0 Tutta la squadra di Olpneus \u201cci mette ogni giorno la faccia e la voce\u201d per arrivare nelle officine dei nostri clienti e soddisfare con grande impegno tutte le loro esigenze. La [&hellip;]<\/p>\n","protected":false},"author":1,"featured_media":0,"parent":0,"menu_order":0,"comment_status":"closed","ping_status":"closed","template":"","meta":{"footnotes":""},"class_list":["post-2887","page","type-page","status-publish","hentry"],"yoast_head":"<!-- This site is optimized with the Yoast SEO plugin v21.2 - https:\/\/yoast.com\/wordpress\/plugins\/seo\/ -->\r\n<title>La nostra mission, i nostri valori - Olpneus<\/title>\r\n<meta name=\"robots\" content=\"index, follow, max-snippet:-1, max-image-preview:large, max-video-preview:-1\" \/>\r\n<link rel=\"canonical\" href=\"https:\/\/www.olpneus.it\/la-nostra-mission-nostri-valori\/\" \/>\r\n<meta property=\"og:locale\" content=\"en_US\" \/>\r\n<meta property=\"og:type\" content=\"article\" \/>\r\n<meta property=\"og:title\" content=\"La nostra mission, i nostri valori\" \/>\r\n<meta property=\"og:description\" content=\"[vc_row][vc_column][st_heading title=&#8221;Qualit\u00e0 ed efficienza&#8221;][\/st_heading][\/vc_column][\/vc_row][vc_row][vc_column][vc_column_text]Da anni la nostra azienda si impegna con costanza e dedizione per ottenere ottimi risultati nel settore della distribuzione degli pneumatici.\u00a0 Tutta la squadra di Olpneus \u201cci mette ogni giorno la faccia e la voce\u201d per arrivare nelle officine dei nostri clienti e soddisfare con grande impegno tutte le loro esigenze. La [&hellip;]\" \/>\r\n<meta property=\"og:url\" content=\"https:\/\/www.olpneus.it\/la-nostra-mission-nostri-valori\/\" \/>\r\n<meta property=\"og:site_name\" content=\"Olpneus\" \/>\r\n<meta property=\"article:modified_time\" content=\"2023-10-02T12:44:17+00:00\" \/>\r\n<meta name=\"twitter:card\" content=\"summary_large_image\" \/>\r\n<meta name=\"twitter:label1\" content=\"Est. reading time\" \/>\n\t<meta name=\"twitter:data1\" content=\"2 minutes\" \/>\r\n<script type=\"application\/ld+json\" class=\"yoast-schema-graph\">{\"@context\":\"https:\/\/schema.org\",\"@graph\":[{\"@type\":\"WebPage\",\"@id\":\"https:\/\/www.olpneus.it\/la-nostra-mission-nostri-valori\/\",\"url\":\"https:\/\/www.olpneus.it\/la-nostra-mission-nostri-valori\/\",\"name\":\"[:it]La nostra mission, i nostri valori[:] - Olpneus\",\"isPartOf\":{\"@id\":\"https:\/\/www.olpneus.it\/#website\"},\"datePublished\":\"2018-02-07T09:17:07+00:00\",\"dateModified\":\"2023-10-02T12:44:17+00:00\",\"breadcrumb\":{\"@id\":\"https:\/\/www.olpneus.it\/la-nostra-mission-nostri-valori\/#breadcrumb\"},\"inLanguage\":\"en-US\",\"potentialAction\":[{\"@type\":\"ReadAction\",\"target\":[\"https:\/\/www.olpneus.it\/la-nostra-mission-nostri-valori\/\"]}]},{\"@type\":\"BreadcrumbList\",\"@id\":\"https:\/\/www.olpneus.it\/la-nostra-mission-nostri-valori\/#breadcrumb\",\"itemListElement\":[{\"@type\":\"ListItem\",\"position\":1,\"name\":\"Home\",\"item\":\"https:\/\/www.olpneus.it\/\"},{\"@type\":\"ListItem\",\"position\":2,\"name\":\"La nostra mission, i nostri valori\"}]},{\"@type\":\"WebSite\",\"@id\":\"https:\/\/www.olpneus.it\/#website\",\"url\":\"https:\/\/www.olpneus.it\/\",\"name\":\"Olpneus\",\"description\":\"\",\"potentialAction\":[{\"@type\":\"SearchAction\",\"target\":{\"@type\":\"EntryPoint\",\"urlTemplate\":\"https:\/\/www.olpneus.it\/?s={search_term_string}\"},\"query-input\":\"required name=search_term_string\"}],\"inLanguage\":\"en-US\"}]}<\/script>\r\n<!-- \/ Yoast SEO plugin. -->","yoast_head_json":{"title":"La nostra mission, i nostri valori - Olpneus","robots":{"index":"index","follow":"follow","max-snippet":"max-snippet:-1","max-image-preview":"max-image-preview:large","max-video-preview":"max-video-preview:-1"},"canonical":"https:\/\/www.olpneus.it\/la-nostra-mission-nostri-valori\/","og_locale":"en_US","og_type":"article","og_title":"[:it]La nostra mission, i nostri valori[:] - Olpneus","og_description":"[vc_row][vc_column][st_heading title=&#8221;Qualit\u00e0 ed efficienza&#8221;][\/st_heading][\/vc_column][\/vc_row][vc_row][vc_column][vc_column_text]Da anni la nostra azienda si impegna con costanza e dedizione per ottenere ottimi risultati nel settore della distribuzione degli pneumatici.\u00a0 Tutta la squadra di Olpneus \u201cci mette ogni giorno la faccia e la voce\u201d per arrivare nelle officine dei nostri clienti e soddisfare con grande impegno tutte le loro esigenze. La [&hellip;]","og_url":"https:\/\/www.olpneus.it\/la-nostra-mission-nostri-valori\/","og_site_name":"Olpneus","article_modified_time":"2023-10-02T12:44:17+00:00","twitter_card":"summary_large_image","twitter_misc":{"Est. reading time":"2 minutes"},"schema":{"@context":"https:\/\/schema.org","@graph":[{"@type":"WebPage","@id":"https:\/\/www.olpneus.it\/la-nostra-mission-nostri-valori\/","url":"https:\/\/www.olpneus.it\/la-nostra-mission-nostri-valori\/","name":"[:it]La nostra mission, i nostri valori[:] - Olpneus","isPartOf":{"@id":"https:\/\/www.olpneus.it\/#website"},"datePublished":"2018-02-07T09:17:07+00:00","dateModified":"2023-10-02T12:44:17+00:00","breadcrumb":{"@id":"https:\/\/www.olpneus.it\/la-nostra-mission-nostri-valori\/#breadcrumb"},"inLanguage":"en-US","potentialAction":[{"@type":"ReadAction","target":["https:\/\/www.olpneus.it\/la-nostra-mission-nostri-valori\/"]}]},{"@type":"BreadcrumbList","@id":"https:\/\/www.olpneus.it\/la-nostra-mission-nostri-valori\/#breadcrumb","itemListElement":[{"@type":"ListItem","position":1,"name":"Home","item":"https:\/\/www.olpneus.it\/"},{"@type":"ListItem","position":2,"name":"La nostra mission, i nostri valori"}]},{"@type":"WebSite","@id":"https:\/\/www.olpneus.it\/#website","url":"https:\/\/www.olpneus.it\/","name":"Olpneus","description":"","potentialAction":[{"@type":"SearchAction","target":{"@type":"EntryPoint","urlTemplate":"https:\/\/www.olpneus.it\/?s={search_term_string}"},"query-input":"required name=search_term_string"}],"inLanguage":"en-US"}]}},"_links":{"self":[{"href":"https:\/\/www.olpneus.it\/en\/wp-json\/wp\/v2\/pages\/2887","targetHints":{"allow":["GET"]}}],"collection":[{"href":"https:\/\/www.olpneus.it\/en\/wp-json\/wp\/v2\/pages"}],"about":[{"href":"https:\/\/www.olpneus.it\/en\/wp-json\/wp\/v2\/types\/page"}],"author":[{"embeddable":true,"href":"https:\/\/www.olpneus.it\/en\/wp-json\/wp\/v2\/users\/1"}],"replies":[{"embeddable":true,"href":"https:\/\/www.olpneus.it\/en\/wp-json\/wp\/v2\/comments?post=2887"}],"version-history":[{"count":51,"href":"https:\/\/www.olpneus.it\/en\/wp-json\/wp\/v2\/pages\/2887\/revisions"}],"predecessor-version":[{"id":3568,"href":"https:\/\/www.olpneus.it\/en\/wp-json\/wp\/v2\/pages\/2887\/revisions\/3568"}],"wp:attachment":[{"href":"https:\/\/www.olpneus.it\/en\/wp-json\/wp\/v2\/media?parent=2887"}],"curies":[{"name":"wp","href":"https:\/\/api.w.org\/{rel}","templated":true}]}}